{"id":16,"date":"2021-05-21T04:36:02","date_gmt":"2021-05-21T01:36:02","guid":{"rendered":"https:\/\/ihm.com.tr\/?page_id=16"},"modified":"2024-09-04T00:17:34","modified_gmt":"2024-09-03T21:17:34","slug":"bize-ulasin","status":"publish","type":"page","link":"https:\/\/www.ihm.tr\/tr-int\/bize-ulasin\/","title":{"rendered":"Bize Ula\u015f\u0131n"},"content":{"rendered":"<p>\u0130stanbul Haber Merkezi (\u0130HM)<\/p>\n<p>E-posta: <a href=\"mailto:merhaba@ihm.tr\">merhaba@ihm.tr<\/a><\/p>\n<p>Yay\u0131nc\u0131:<br \/>\nTN Medya Reklam Bili\u015fim Ltd. \u015eti.<br \/>\nNi\u015fanta\u015f Mah. Dr. M. Hulusi Baybal Cad. <br \/>\nHaz\u0131m Ulu\u015fahin \u0130\u015f Merkezi Sitesi A Blok No: 1 \u0130\u00e7 kap\u0131: 408<br \/>\n42060 Sel\u00e7uklu \/ Konya<br \/>\nT\u00fcrkiye<\/p>\n<p>E-posta: <a href=\"mailto:merhaba@tn.com.tr\">merhaba@tn.com.tr<\/a><\/p>\n<p><strong>\u0130stanbul Haber Merkezi (\u0130HM)<\/strong>, Demir\u00f6ren Haber Ajans\u0131 (DHA) abonesidir.<\/p>\n<p><strong>Sosyal Medya Hesaplar\u0131m\u0131z:<\/strong><\/p>\n<p>Google Haberler: <a href=\"https:\/\/news.google.com\/publications\/CAAqBwgKMM709Aow_aDbAg\" target=\"_blank\" rel=\"nofollow noopener\">https:\/\/news.google.com\/publications\/CAAqBwgKMM709Aow_aDbAg<\/a><\/p>\n","protected":false},"excerpt":{"rendered":"<p>\u0130stanbul Haber Merkezi (\u0130HM) E-posta: merhaba@ihm.tr Yay\u0131nc\u0131: TN Medya Reklam Bili\u015fim Ltd. \u015eti. Ni\u015fanta\u015f Mah. Dr. M. Hulusi Baybal Cad. Haz\u0131m Ulu\u015fahin \u0130\u015f Merkezi Sitesi A Blok No: 1 \u0130\u00e7 &hellip; <\/p>\n","protected":false},"author":4,"featured_media":0,"parent":0,"menu_order":0,"comment_status":"closed","ping_status":"closed","template":"","meta":{"footnotes":""},"class_list":["post-16","page","type-page","status-publish","hentry"],"_links":{"self":[{"href":"https:\/\/www.ihm.tr\/tr-int\/wp-json\/wp\/v2\/pages\/16","targetHints":{"allow":["GET"]}}],"collection":[{"href":"https:\/\/www.ihm.tr\/tr-int\/wp-json\/wp\/v2\/pages"}],"about":[{"href":"https:\/\/www.ihm.tr\/tr-int\/wp-json\/wp\/v2\/types\/page"}],"author":[{"embeddable":true,"href":"https:\/\/www.ihm.tr\/tr-int\/wp-json\/wp\/v2\/users\/4"}],"replies":[{"embeddable":true,"href":"https:\/\/www.ihm.tr\/tr-int\/wp-json\/wp\/v2\/comments?post=16"}],"version-history":[{"count":15,"href":"https:\/\/www.ihm.tr\/tr-int\/wp-json\/wp\/v2\/pages\/16\/revisions"}],"predecessor-version":[{"id":19318,"href":"https:\/\/www.ihm.tr\/tr-int\/wp-json\/wp\/v2\/pages\/16\/revisions\/19318"}],"wp:attachment":[{"href":"https:\/\/www.ihm.tr\/tr-int\/wp-json\/wp\/v2\/media?parent=16"}],"curies":[{"name":"wp","href":"https:\/\/api.w.org\/{rel}","templated":true}]}}